{"id":501,"date":"2022-03-10T16:03:22","date_gmt":"2022-03-10T15:03:22","guid":{"rendered":"https:\/\/albergoallacosta.com\/?page_id=501"},"modified":"2025-10-07T17:18:49","modified_gmt":"2025-10-07T15:18:49","slug":"angebote","status":"publish","type":"page","link":"https:\/\/albergoallacosta.com\/de\/angebote\/","title":{"rendered":"Angebote"},"content":{"rendered":"<section class=\"l-section wpb_row height_medium with_img\" id=\"contenuto\"><div class=\"l-section-img\" role=\"img\" aria-label=\"Bild\" data-img-width=\"458\" data-img-height=\"403\" style=\"background-image: url(https:\/\/albergoallacosta.com\/wp-content\/uploads\/2022\/03\/bg-margherita.svg);background-position: bottom left;background-repeat: no-repeat;background-size: auto;\"><\/div><div class=\"l-section-h i-cf\"><div class=\"g-cols vc_row via_grid cols_1 laptops-cols_inherit tablets-cols_inherit mobiles-cols_1 valign_top type_default stacking_default\"><div class=\"wpb_column vc_column_container\"><div class=\"vc_column-inner\"><div class=\"wpb_text_column\"><div class=\"wpb_wrapper\"><h1>Angebote Ledrosee<\/h1>\n<\/div><\/div><div class=\"wpb_text_column\"><div class=\"wpb_wrapper\"><h3>F\u00fcr einen Familienurlaub im Ledrotal.<\/h3>\n<\/div><\/div><\/div><\/div><\/div><\/div><\/section><section class=\"l-section wpb_row height_medium\"><div class=\"l-section-h i-cf\"><div class=\"g-cols vc_row via_grid cols_1 laptops-cols_inherit tablets-cols_inherit mobiles-cols_1 valign_top type_default stacking_default\"><div class=\"wpb_column vc_column_container\"><div class=\"vc_column-inner\"><div class=\"w-grid us_post_list type_grid layout_589 cols_3 overflow_hidden preload_style_spinner with_css_animation\" id=\"us_post_list_yf08\" style=\"--columns:3;--gap:0.5rem;\" data-filterable=\"true\"><style>@media (max-width:1024px){#us_post_list_yf08{--columns:2!important}}@media (max-width:600px){#us_post_list_yf08{--columns:1!important}}.layout_589 .w-grid-item-h{background:var(--color-content-bg);color:var(--color-content-text);border-radius:0.3rem;box-shadow:0 0.03rem 0.06rem rgba(0,0,0,0.1),0 0.1rem 0.3rem rgba(0,0,0,0.1);transition-duration:0.3s}.no-touch .layout_589 .w-grid-item-h:hover{box-shadow:0 0.1rem 0.2rem rgba(0,0,0,0.1),0 0.33rem 1rem rgba(0,0,0,0.15);z-index:4}.layout_589 .usg_post_title_1{font-weight:700!important;font-size:1.7rem!important}.layout_589 .usg_vwrapper_1{padding:9% 11% 11% 11%!important}.layout_589 .usg_post_custom_field_1{font-weight:500!important;font-size:14px!important;margin-bottom:10px!important;border-bottom-width:1px!important;border-color:var(--color-header-middle-text-hover)!important;border-bottom-style:solid!important}@media (max-width:600px){.layout_589 .usg_post_title_1{font-size:1.2rem!important}}<\/style><div class=\"w-grid-list\">\t<article class=\"w-grid-item us_animate_afc size_1x1 post-516 post type-post status-publish format-standard has-post-thumbnail hentry category-angebot\" data-id=\"516\" style=\"animation-delay:0s\">\r\n\t\t<div class=\"w-grid-item-h\">\r\n\t\t\t\t\t\t\t<a href=\"https:\/\/albergoallacosta.com\/de\/im-urlaub-mit-den-fellfreunden\/\" class=\"w-grid-item-anchor\" aria-label=\"Im Urlaub mit den Fellfreunden\"><\/a>\r\n\t\t\t\t\t\t<div class=\"w-post-elm post_image usg_post_image_1 stretched\"><img loading=\"lazy\" decoding=\"async\" width=\"1024\" height=\"683\" src=\"https:\/\/albergoallacosta.com\/wp-content\/uploads\/2022\/03\/embankment-river-sitting-tummy-man1-1024x683.jpg\" class=\"attachment-large size-large wp-post-image\" alt=\"Hotel Lago di Ledro - Albergo Alla Costa\" srcset=\"https:\/\/albergoallacosta.com\/wp-content\/uploads\/2022\/03\/embankment-river-sitting-tummy-man1-1024x683.jpg 1024w, https:\/\/albergoallacosta.com\/wp-content\/uploads\/2022\/03\/embankment-river-sitting-tummy-man1-300x200.jpg 300w, https:\/\/albergoallacosta.com\/wp-content\/uploads\/2022\/03\/embankment-river-sitting-tummy-man1-1280x853.jpg 1280w, https:\/\/albergoallacosta.com\/wp-content\/uploads\/2022\/03\/embankment-river-sitting-tummy-man1.jpg 1920w\" sizes=\"auto, (max-width: 1024px) 100vw, 1024px\" \/><\/div><div class=\"w-vwrapper usg_vwrapper_1 align_none valign_top\"><h2 class=\"w-post-elm post_title usg_post_title_1 entry-title color_link_inherit\">Im Urlaub mit den Fellfreunden<\/h2><div class=\"w-post-elm post_custom_field usg_post_custom_field_1 type_text validita_offerta color_link_inherit\"><span class=\"w-post-elm-value\">DAS GANZE JAHR G\u00dcLTIGES ANGEBOT<\/span><\/div><div class=\"w-post-elm post_content usg_post_content_1\">Die Gemeinde Ledro wurde 2011 w\u00e4hrend der Internationalen Mail\u00e4nder Tourismusb\u00f6rse als \u201eTierfreundliche Gemeinde\u201c ausgezeichnet. STR\u00c4NDE: Am Ledrosee, im Gebiet von&hellip;<\/div><\/div>\t\t<\/div>\r\n\t\t\t<\/article>\r\n\t<article class=\"w-grid-item us_animate_afc size_1x1 post-512 post type-post status-publish format-standard has-post-thumbnail hentry category-angebot\" data-id=\"512\" style=\"animation-delay:0.1s\">\r\n\t\t<div class=\"w-grid-item-h\">\r\n\t\t\t\t\t\t\t<a href=\"https:\/\/albergoallacosta.com\/de\/ich-zahle-nicht\/\" class=\"w-grid-item-anchor\" aria-label=\"Ich Zahle Nicht\"><\/a>\r\n\t\t\t\t\t\t<div class=\"w-post-elm post_image usg_post_image_1 stretched\"><img loading=\"lazy\" decoding=\"async\" width=\"1024\" height=\"683\" src=\"https:\/\/albergoallacosta.com\/wp-content\/uploads\/2022\/03\/happy-kids-with-dogs-running-on-pier1-1024x683.jpg\" class=\"attachment-large size-large wp-post-image\" alt=\"Hotel Lago di Ledro - Albergo Alla Costa\" srcset=\"https:\/\/albergoallacosta.com\/wp-content\/uploads\/2022\/03\/happy-kids-with-dogs-running-on-pier1-1024x683.jpg 1024w, https:\/\/albergoallacosta.com\/wp-content\/uploads\/2022\/03\/happy-kids-with-dogs-running-on-pier1-300x200.jpg 300w, https:\/\/albergoallacosta.com\/wp-content\/uploads\/2022\/03\/happy-kids-with-dogs-running-on-pier1-1280x853.jpg 1280w, https:\/\/albergoallacosta.com\/wp-content\/uploads\/2022\/03\/happy-kids-with-dogs-running-on-pier1.jpg 1920w\" sizes=\"auto, (max-width: 1024px) 100vw, 1024px\" \/><\/div><div class=\"w-vwrapper usg_vwrapper_1 align_none valign_top\"><h2 class=\"w-post-elm post_title usg_post_title_1 entry-title color_link_inherit\">Ich Zahle Nicht<\/h2><div class=\"w-post-elm post_custom_field usg_post_custom_field_1 type_text validita_offerta color_link_inherit\"><span class=\"w-post-elm-value\">DAS GANZE JAHR G\u00dcLTIGES ANGEBOT<\/span><\/div><div class=\"w-post-elm post_content usg_post_content_1\">Das Hotel \u201eAlbergo Alla Costa\u201c geh\u00f6rt zu den wenigen Hotels der Gegend, die den Urlaub f\u00fcr j\u00fcngere G\u00e4ste bis 13&hellip;<\/div><\/div>\t\t<\/div>\r\n\t\t\t<\/article>\r\n\t<article class=\"w-grid-item us_animate_afc size_1x1 post-508 post type-post status-publish format-standard has-post-thumbnail hentry category-angebot\" data-id=\"508\" style=\"animation-delay:0.2s\">\r\n\t\t<div class=\"w-grid-item-h\">\r\n\t\t\t\t\t\t\t<a href=\"https:\/\/albergoallacosta.com\/de\/trentino-guest-card\/\" class=\"w-grid-item-anchor\" aria-label=\"Trentino Guest Card\"><\/a>\r\n\t\t\t\t\t\t<div class=\"w-post-elm post_image usg_post_image_1 stretched\"><img loading=\"lazy\" decoding=\"async\" width=\"1024\" height=\"657\" src=\"https:\/\/albergoallacosta.com\/wp-content\/uploads\/2022\/03\/cultural-tourism-in-italy-traveler-girl-in-the-city-of-trento-italy1-1024x657.jpg\" class=\"attachment-large size-large wp-post-image\" alt=\"Hotel Lago di Ledro - Albergo Alla Costa\" srcset=\"https:\/\/albergoallacosta.com\/wp-content\/uploads\/2022\/03\/cultural-tourism-in-italy-traveler-girl-in-the-city-of-trento-italy1-1024x657.jpg 1024w, https:\/\/albergoallacosta.com\/wp-content\/uploads\/2022\/03\/cultural-tourism-in-italy-traveler-girl-in-the-city-of-trento-italy1-300x192.jpg 300w, https:\/\/albergoallacosta.com\/wp-content\/uploads\/2022\/03\/cultural-tourism-in-italy-traveler-girl-in-the-city-of-trento-italy1.jpg 1920w\" sizes=\"auto, (max-width: 1024px) 100vw, 1024px\" \/><\/div><div class=\"w-vwrapper usg_vwrapper_1 align_none valign_top\"><h2 class=\"w-post-elm post_title usg_post_title_1 entry-title color_link_inherit\">Trentino Guest Card<\/h2><div class=\"w-post-elm post_custom_field usg_post_custom_field_1 type_text validita_offerta color_link_inherit\"><span class=\"w-post-elm-value\">DAS GANZE JAHR G\u00dcLTIGES ANGEBOT<\/span><\/div><div class=\"w-post-elm post_content usg_post_content_1\">Fragen Sie uns beim Check-in nach Ihrem G\u00e4stepass Die Trentino Guest Card ist eine besondere Pr\u00e4mienkarte im Wert von 40\u00a0\u20ac,&hellip;<\/div><\/div>\t\t<\/div>\r\n\t\t\t<\/article>\r\n<\/div><div class=\"g-loadmore hidden\"><div class=\"g-preloader type_1\"><div><\/div><\/div><\/div><div class=\"w-grid-list-json hidden\" onclick='return {&quot;max_num_pages&quot;:0,&quot;pagination&quot;:&quot;none&quot;,&quot;paged&quot;:1,&quot;ajaxData&quot;:{&quot;action&quot;:&quot;us_ajax_post_list&quot;,&quot;meta_type&quot;:&quot;post&quot;,&quot;object_id&quot;:0,&quot;template_vars&quot;:{&quot;paged&quot;:1,&quot;max_num_pages&quot;:0,&quot;no_results&quot;:false,&quot;source&quot;:&quot;all&quot;,&quot;custom_field_name&quot;:&quot;&quot;,&quot;ids&quot;:&quot;&quot;,&quot;post_type&quot;:&quot;post&quot;,&quot;attachment_ids&quot;:null,&quot;include_post_thumbnail&quot;:0,&quot;post_author&quot;:&quot;any&quot;,&quot;post_author_ids&quot;:&quot;&quot;,&quot;apply_url_params&quot;:0,&quot;exclude_children&quot;:0,&quot;exclude_current_post&quot;:&quot;0&quot;,&quot;exclude_prev_posts&quot;:0,&quot;enable_items_offset&quot;:0,&quot;items_offset&quot;:&quot;1&quot;,&quot;tax_query_relation&quot;:&quot;none&quot;,&quot;tax_query&quot;:[{&quot;operator&quot;:&quot;IN&quot;,&quot;taxonomy&quot;:&quot;category&quot;,&quot;terms&quot;:&quot;&quot;,&quot;include_children&quot;:0}],&quot;meta_query_relation&quot;:&quot;none&quot;,&quot;meta_query&quot;:[{&quot;key&quot;:&quot;custom_field_name&quot;,&quot;compare&quot;:&quot;=&quot;,&quot;value&quot;:&quot;&quot;}],&quot;orderby&quot;:&quot;date&quot;,&quot;orderby_custom_field&quot;:&quot;&quot;,&quot;orderby_custom_type&quot;:0,&quot;order_invert&quot;:0,&quot;show_all&quot;:&quot;1&quot;,&quot;quantity&quot;:&quot;12&quot;,&quot;posts_per_archive_page&quot;:0,&quot;no_items_action&quot;:&quot;message&quot;,&quot;no_items_message&quot;:&quot;Es wurden keine Ergebnisse gefunden.&quot;,&quot;no_items_page_block&quot;:&quot;&quot;,&quot;pagination&quot;:&quot;none&quot;,&quot;pagination_style&quot;:&quot;&quot;,&quot;pagination_btn_text&quot;:&quot;Mehr laden&quot;,&quot;pagination_btn_size&quot;:&quot;&quot;,&quot;pagination_btn_style&quot;:&quot;1&quot;,&quot;pagination_btn_fullwidth&quot;:0,&quot;items_layout&quot;:&quot;589&quot;,&quot;type&quot;:&quot;grid&quot;,&quot;items_valign&quot;:0,&quot;ignore_items_size&quot;:0,&quot;columns&quot;:&quot;3&quot;,&quot;items_gap&quot;:&quot;0.5rem&quot;,&quot;load_animation&quot;:&quot;afc&quot;,&quot;items_preload_style&quot;:&quot;spinner&quot;,&quot;img_size&quot;:&quot;default&quot;,&quot;title_size&quot;:&quot;&quot;,&quot;items_ratio&quot;:&quot;default&quot;,&quot;items_ratio_width&quot;:&quot;21&quot;,&quot;items_ratio_height&quot;:&quot;9&quot;,&quot;overriding_link&quot;:&quot;%7B%22type%22%3A%22post%22%7D&quot;,&quot;popup_width&quot;:&quot;&quot;,&quot;popup_arrows&quot;:1,&quot;breakpoint_1_width&quot;:&quot;1281px&quot;,&quot;breakpoint_1_cols&quot;:&quot;default&quot;,&quot;breakpoint_1_quantity&quot;:&quot;&quot;,&quot;breakpoint_1_gap&quot;:&quot;&quot;,&quot;breakpoint_2_width&quot;:&quot;1025px&quot;,&quot;breakpoint_2_cols&quot;:&quot;2&quot;,&quot;breakpoint_2_quantity&quot;:&quot;&quot;,&quot;breakpoint_2_gap&quot;:&quot;&quot;,&quot;breakpoint_3_width&quot;:&quot;601px&quot;,&quot;breakpoint_3_cols&quot;:&quot;1&quot;,&quot;breakpoint_3_quantity&quot;:&quot;&quot;,&quot;breakpoint_3_gap&quot;:&quot;&quot;,&quot;conditions_operator&quot;:&quot;always&quot;,&quot;conditions&quot;:[],&quot;css&quot;:null,&quot;el_class&quot;:&quot;&quot;,&quot;el_id&quot;:&quot;&quot;,&quot;enable_custom_html_atts&quot;:0,&quot;custom_html_atts&quot;:null,&quot;hide_on_states&quot;:&quot;&quot;,&quot;hide_for_sticky&quot;:0,&quot;hide_for_not_sticky&quot;:0,&quot;hide_below&quot;:&quot;0px&quot;,&quot;hide_above&quot;:&quot;0px&quot;,&quot;classes&quot;:&quot;&quot;}},&quot;facetedFilter&quot;:[]}'><\/div><\/div><\/div><\/div><\/div><\/div><\/section>\n","protected":false},"excerpt":{"rendered":"Fragen Sie uns beim Check-in nach Ihrem G\u00e4stepass Die Trentino Guest Card ist eine besondere Pr\u00e4mienkarte im Wert von 40\u00a0\u20ac, die wir als besonderes WILLKOMMENSGESCHENK G\u00e4sten anbieten, die auf dieser Website gebucht haben. Der G\u00e4stepass erm\u00f6glicht es Ihnen, die \u00f6ffentlichen Verkehrsmittel in der Region Trentino frei und kostenlos zu nutzen (Bushaltestelle 600\u00a0m vom Hotel). Sie...","protected":false},"author":1,"featured_media":466,"parent":0,"menu_order":0,"comment_status":"closed","ping_status":"closed","template":"","meta":{"_acf_changed":false,"inline_featured_image":false,"footnotes":""},"class_list":["post-501","page","type-page","status-publish","has-post-thumbnail","hentry"],"acf":[],"yoast_head":"<!-- This site is optimized with the Yoast SEO plugin v27.4 - https:\/\/yoast.com\/product\/yoast-seo-wordpress\/ -->\n<title>Angebote Ledrosee - Hotel Alla Costa -5%<\/title>\n<meta name=\"description\" content=\"Das Albergo Alla Costa ist ein Hotel in Ledrosee in Bezzecca, nur 2 km vom Ledrosee entfernt. Es verf\u00fcgt \u00fcber 14 k\u00fcrzlich renovierte Zimmer.\" \/>\n<meta name=\"robots\" content=\"index, follow, max-snippet:-1, max-image-preview:large, max-video-preview:-1\" \/>\n<link rel=\"canonical\" href=\"https:\/\/albergoallacosta.com\/de\/angebote\/\" \/>\n<meta property=\"og:locale\" content=\"de_DE\" \/>\n<meta property=\"og:type\" content=\"article\" \/>\n<meta property=\"og:title\" content=\"Angebote Ledrosee - Hotel Alla Costa -5%\" \/>\n<meta property=\"og:description\" content=\"Das Albergo Alla Costa ist ein Hotel in Ledrosee in Bezzecca, nur 2 km vom Ledrosee entfernt. Es verf\u00fcgt \u00fcber 14 k\u00fcrzlich renovierte Zimmer.\" \/>\n<meta property=\"og:url\" content=\"https:\/\/albergoallacosta.com\/de\/angebote\/\" \/>\n<meta property=\"og:site_name\" content=\"Albergo Alla Costa\" \/>\n<meta property=\"article:modified_time\" content=\"2025-10-07T15:18:49+00:00\" \/>\n<meta property=\"og:image\" content=\"https:\/\/albergoallacosta.com\/wp-content\/uploads\/2022\/03\/embankment-river-sitting-tummy-man1.jpg\" \/>\n\t<meta property=\"og:image:width\" content=\"1920\" \/>\n\t<meta property=\"og:image:height\" content=\"1280\" \/>\n\t<meta property=\"og:image:type\" content=\"image\/jpeg\" \/>\n<meta name=\"twitter:card\" content=\"summary_large_image\" \/>\n<meta name=\"twitter:label1\" content=\"Gesch\u00e4tzte Lesezeit\" \/>\n\t<meta name=\"twitter:data1\" content=\"1\u00a0Minute\" \/>\n<script type=\"application\/ld+json\" class=\"yoast-schema-graph\">{\"@context\":\"https:\\\/\\\/schema.org\",\"@graph\":[{\"@type\":\"WebPage\",\"@id\":\"https:\\\/\\\/albergoallacosta.com\\\/de\\\/angebote\\\/\",\"url\":\"https:\\\/\\\/albergoallacosta.com\\\/de\\\/angebote\\\/\",\"name\":\"Angebote Ledrosee - Hotel Alla Costa -5%\",\"isPartOf\":{\"@id\":\"https:\\\/\\\/albergoallacosta.com\\\/#website\"},\"primaryImageOfPage\":{\"@id\":\"https:\\\/\\\/albergoallacosta.com\\\/de\\\/angebote\\\/#primaryimage\"},\"image\":{\"@id\":\"https:\\\/\\\/albergoallacosta.com\\\/de\\\/angebote\\\/#primaryimage\"},\"thumbnailUrl\":\"https:\\\/\\\/albergoallacosta.com\\\/wp-content\\\/uploads\\\/2022\\\/03\\\/embankment-river-sitting-tummy-man1.jpg\",\"datePublished\":\"2022-03-10T15:03:22+00:00\",\"dateModified\":\"2025-10-07T15:18:49+00:00\",\"description\":\"Das Albergo Alla Costa ist ein Hotel in Ledrosee in Bezzecca, nur 2 km vom Ledrosee entfernt. Es verf\u00fcgt \u00fcber 14 k\u00fcrzlich renovierte Zimmer.\",\"breadcrumb\":{\"@id\":\"https:\\\/\\\/albergoallacosta.com\\\/de\\\/angebote\\\/#breadcrumb\"},\"inLanguage\":\"de\",\"potentialAction\":[{\"@type\":\"ReadAction\",\"target\":[\"https:\\\/\\\/albergoallacosta.com\\\/de\\\/angebote\\\/\"]}]},{\"@type\":\"ImageObject\",\"inLanguage\":\"de\",\"@id\":\"https:\\\/\\\/albergoallacosta.com\\\/de\\\/angebote\\\/#primaryimage\",\"url\":\"https:\\\/\\\/albergoallacosta.com\\\/wp-content\\\/uploads\\\/2022\\\/03\\\/embankment-river-sitting-tummy-man1.jpg\",\"contentUrl\":\"https:\\\/\\\/albergoallacosta.com\\\/wp-content\\\/uploads\\\/2022\\\/03\\\/embankment-river-sitting-tummy-man1.jpg\",\"width\":1920,\"height\":1280,\"caption\":\"pregnant woman and her husband relaxing together on the pier\"},{\"@type\":\"BreadcrumbList\",\"@id\":\"https:\\\/\\\/albergoallacosta.com\\\/de\\\/angebote\\\/#breadcrumb\",\"itemListElement\":[{\"@type\":\"ListItem\",\"position\":1,\"name\":\"Home\",\"item\":\"https:\\\/\\\/albergoallacosta.com\\\/de\\\/spezialangebot-2026\\\/\"},{\"@type\":\"ListItem\",\"position\":2,\"name\":\"Angebote\"}]},{\"@type\":\"WebSite\",\"@id\":\"https:\\\/\\\/albergoallacosta.com\\\/#website\",\"url\":\"https:\\\/\\\/albergoallacosta.com\\\/\",\"name\":\"Albergo Alla Costa\",\"description\":\"Albergo Alla Costa\",\"publisher\":{\"@id\":\"https:\\\/\\\/albergoallacosta.com\\\/#organization\"},\"potentialAction\":[{\"@type\":\"SearchAction\",\"target\":{\"@type\":\"EntryPoint\",\"urlTemplate\":\"https:\\\/\\\/albergoallacosta.com\\\/?s={search_term_string}\"},\"query-input\":{\"@type\":\"PropertyValueSpecification\",\"valueRequired\":true,\"valueName\":\"search_term_string\"}}],\"inLanguage\":\"de\"},{\"@type\":\"Organization\",\"@id\":\"https:\\\/\\\/albergoallacosta.com\\\/#organization\",\"name\":\"Albergo alla Costa Ledro\",\"url\":\"https:\\\/\\\/albergoallacosta.com\\\/\",\"logo\":{\"@type\":\"ImageObject\",\"inLanguage\":\"de\",\"@id\":\"https:\\\/\\\/albergoallacosta.com\\\/#\\\/schema\\\/logo\\\/image\\\/\",\"url\":\"https:\\\/\\\/albergoallacosta.com\\\/wp-content\\\/uploads\\\/2022\\\/03\\\/OND0323520.jpg\",\"contentUrl\":\"https:\\\/\\\/albergoallacosta.com\\\/wp-content\\\/uploads\\\/2022\\\/03\\\/OND0323520.jpg\",\"width\":1920,\"height\":1281,\"caption\":\"Albergo alla Costa Ledro\"},\"image\":{\"@id\":\"https:\\\/\\\/albergoallacosta.com\\\/#\\\/schema\\\/logo\\\/image\\\/\"}}]}<\/script>\n<!-- \/ Yoast SEO plugin. -->","yoast_head_json":{"title":"Angebote Ledrosee - Hotel Alla Costa -5%","description":"Das Albergo Alla Costa ist ein Hotel in Ledrosee in Bezzecca, nur 2 km vom Ledrosee entfernt. Es verf\u00fcgt \u00fcber 14 k\u00fcrzlich renovierte Zimmer.","robots":{"index":"index","follow":"follow","max-snippet":"max-snippet:-1","max-image-preview":"max-image-preview:large","max-video-preview":"max-video-preview:-1"},"canonical":"https:\/\/albergoallacosta.com\/de\/angebote\/","og_locale":"de_DE","og_type":"article","og_title":"Angebote Ledrosee - Hotel Alla Costa -5%","og_description":"Das Albergo Alla Costa ist ein Hotel in Ledrosee in Bezzecca, nur 2 km vom Ledrosee entfernt. Es verf\u00fcgt \u00fcber 14 k\u00fcrzlich renovierte Zimmer.","og_url":"https:\/\/albergoallacosta.com\/de\/angebote\/","og_site_name":"Albergo Alla Costa","article_modified_time":"2025-10-07T15:18:49+00:00","og_image":[{"width":1920,"height":1280,"url":"https:\/\/albergoallacosta.com\/wp-content\/uploads\/2022\/03\/embankment-river-sitting-tummy-man1.jpg","type":"image\/jpeg"}],"twitter_card":"summary_large_image","twitter_misc":{"Gesch\u00e4tzte Lesezeit":"1\u00a0Minute"},"schema":{"@context":"https:\/\/schema.org","@graph":[{"@type":"WebPage","@id":"https:\/\/albergoallacosta.com\/de\/angebote\/","url":"https:\/\/albergoallacosta.com\/de\/angebote\/","name":"Angebote Ledrosee - Hotel Alla Costa -5%","isPartOf":{"@id":"https:\/\/albergoallacosta.com\/#website"},"primaryImageOfPage":{"@id":"https:\/\/albergoallacosta.com\/de\/angebote\/#primaryimage"},"image":{"@id":"https:\/\/albergoallacosta.com\/de\/angebote\/#primaryimage"},"thumbnailUrl":"https:\/\/albergoallacosta.com\/wp-content\/uploads\/2022\/03\/embankment-river-sitting-tummy-man1.jpg","datePublished":"2022-03-10T15:03:22+00:00","dateModified":"2025-10-07T15:18:49+00:00","description":"Das Albergo Alla Costa ist ein Hotel in Ledrosee in Bezzecca, nur 2 km vom Ledrosee entfernt. Es verf\u00fcgt \u00fcber 14 k\u00fcrzlich renovierte Zimmer.","breadcrumb":{"@id":"https:\/\/albergoallacosta.com\/de\/angebote\/#breadcrumb"},"inLanguage":"de","potentialAction":[{"@type":"ReadAction","target":["https:\/\/albergoallacosta.com\/de\/angebote\/"]}]},{"@type":"ImageObject","inLanguage":"de","@id":"https:\/\/albergoallacosta.com\/de\/angebote\/#primaryimage","url":"https:\/\/albergoallacosta.com\/wp-content\/uploads\/2022\/03\/embankment-river-sitting-tummy-man1.jpg","contentUrl":"https:\/\/albergoallacosta.com\/wp-content\/uploads\/2022\/03\/embankment-river-sitting-tummy-man1.jpg","width":1920,"height":1280,"caption":"pregnant woman and her husband relaxing together on the pier"},{"@type":"BreadcrumbList","@id":"https:\/\/albergoallacosta.com\/de\/angebote\/#breadcrumb","itemListElement":[{"@type":"ListItem","position":1,"name":"Home","item":"https:\/\/albergoallacosta.com\/de\/spezialangebot-2026\/"},{"@type":"ListItem","position":2,"name":"Angebote"}]},{"@type":"WebSite","@id":"https:\/\/albergoallacosta.com\/#website","url":"https:\/\/albergoallacosta.com\/","name":"Albergo Alla Costa","description":"Albergo Alla Costa","publisher":{"@id":"https:\/\/albergoallacosta.com\/#organization"},"potentialAction":[{"@type":"SearchAction","target":{"@type":"EntryPoint","urlTemplate":"https:\/\/albergoallacosta.com\/?s={search_term_string}"},"query-input":{"@type":"PropertyValueSpecification","valueRequired":true,"valueName":"search_term_string"}}],"inLanguage":"de"},{"@type":"Organization","@id":"https:\/\/albergoallacosta.com\/#organization","name":"Albergo alla Costa Ledro","url":"https:\/\/albergoallacosta.com\/","logo":{"@type":"ImageObject","inLanguage":"de","@id":"https:\/\/albergoallacosta.com\/#\/schema\/logo\/image\/","url":"https:\/\/albergoallacosta.com\/wp-content\/uploads\/2022\/03\/OND0323520.jpg","contentUrl":"https:\/\/albergoallacosta.com\/wp-content\/uploads\/2022\/03\/OND0323520.jpg","width":1920,"height":1281,"caption":"Albergo alla Costa Ledro"},"image":{"@id":"https:\/\/albergoallacosta.com\/#\/schema\/logo\/image\/"}}]}},"_links":{"self":[{"href":"https:\/\/albergoallacosta.com\/de\/wp-json\/wp\/v2\/pages\/501","targetHints":{"allow":["GET"]}}],"collection":[{"href":"https:\/\/albergoallacosta.com\/de\/wp-json\/wp\/v2\/pages"}],"about":[{"href":"https:\/\/albergoallacosta.com\/de\/wp-json\/wp\/v2\/types\/page"}],"author":[{"embeddable":true,"href":"https:\/\/albergoallacosta.com\/de\/wp-json\/wp\/v2\/users\/1"}],"replies":[{"embeddable":true,"href":"https:\/\/albergoallacosta.com\/de\/wp-json\/wp\/v2\/comments?post=501"}],"version-history":[{"count":3,"href":"https:\/\/albergoallacosta.com\/de\/wp-json\/wp\/v2\/pages\/501\/revisions"}],"predecessor-version":[{"id":939,"href":"https:\/\/albergoallacosta.com\/de\/wp-json\/wp\/v2\/pages\/501\/revisions\/939"}],"wp:featuredmedia":[{"embeddable":true,"href":"https:\/\/albergoallacosta.com\/de\/wp-json\/wp\/v2\/media\/466"}],"wp:attachment":[{"href":"https:\/\/albergoallacosta.com\/de\/wp-json\/wp\/v2\/media?parent=501"}],"curies":[{"name":"wp","href":"https:\/\/api.w.org\/{rel}","templated":true}]}}